{"id":103,"date":"2017-03-23T07:36:29","date_gmt":"2017-03-23T07:36:29","guid":{"rendered":"http:\/\/demo.awethemes.com\/fleurdesel\/?page_id=103"},"modified":"2026-04-25T12:08:24","modified_gmt":"2026-04-25T12:08:24","slug":"hakkimizda","status":"publish","type":"page","link":"http:\/\/www.simotelfoca.com\/index.php\/hakkimizda\/","title":{"rendered":"Hakk\u0131m\u0131zda"},"content":{"rendered":"<section class=\"wpb-content-wrapper\"><p>[vc_section full_width=&#8221;stretch_row&#8221; css=&#8221;.vc_custom_1491364110374{padding-bottom: 150px !important;background-image: url(http:\/\/demo.awethemes.com\/fleurdesel\/wp-content\/uploads\/2017\/03\/about__bg.png?id=488) !important;background-position: 0 0 !important;background-repeat: no-repeat !important;}&#8221;][vc_row css=&#8221;.vc_custom_1499766293424{margin-top: 120px !important;padding-bottom: 70px !important;}&#8221;][vc_column offset=&#8221;vc_col-lg-offset-2 vc_col-lg-8 vc_col-md-offset-2 vc_col-md-8&#8243;][fleurdesel_heading title_size=&#8221;Default&#8221; align=&#8221;center&#8221; title=&#8221;HAKKIMIZDA&#8221;][\/vc_column][\/vc_row][vc_row][vc_column offset=&#8221;vc_col-lg-offset-1 vc_col-lg-4 vc_col-md-offset-1 vc_col-md-4&#8243;][vc_column_text][\/vc_column_text][\/vc_column][vc_column offset=&#8221;vc_col-lg-1 vc_col-md-1&#8243; css=&#8221;.vc_custom_1675044775867{border-right-width: 1px !important;padding-bottom: 250px !important;}&#8221;][\/vc_column][vc_column offset=&#8221;vc_col-lg-1 vc_col-md-1&#8243;][\/vc_column][vc_column offset=&#8221;vc_col-lg-4 vc_col-md-4&#8243;][vc_column_text]<\/p>\n<div>\n<div style=\"line-height: 1.875;\"><span style=\"color: #666666;\">Y\u00fczy\u0131ll\u0131k tarihi binam\u0131zla hayalini kurdu\u011fumuz oteli hayata ge\u00e7irmemiz tam \u00fc\u00e7 y\u0131l\u0131m\u0131z\u0131 ald\u0131.<\/span><\/div>\n<\/div>\n<p><\/br><\/p>\n<div style=\"line-height: 1.875;\"><span style=\"color: #666666;\">Eskiden ev olarak kullan\u0131lan avlusu olan evimizi asl\u0131na sad\u0131k kalarak an\u0131tlar kuruluna onaylatt\u0131\u011f\u0131m\u0131z projeyle sizlerin hizmetine a\u00e7t\u0131k.<\/span><\/div>\n<p>[\/vc_column_text][\/vc_column][\/vc_row][\/vc_section]<\/p>\n<\/section>","protected":false},"excerpt":{"rendered":"<p>[vc_section full_width=&#8221;stretch_row&#8221; css=&#8221;.vc_custom_1491364110374{padding-bottom: 150px !important;background-image: url(http:\/\/demo.awethemes.com\/fleurdesel\/wp-content\/uploads\/2017\/03\/about__bg.png?id=488) !important;background-position: 0 0 !important;background-repeat: no-repeat !important;}&#8221;][vc_row css=&#8221;.vc_custom_1499766293424{margin-top: 120px !important;padding-bottom: 70px !important;}&#8221;][vc_column offset=&#8221;vc_col-lg-offset-2 vc_col-lg-8 vc_col-md-offset-2 vc_col-md-8&#8243;][fleurdesel_heading title_size=&#8221;Default&#8221; align=&#8221;center&#8221; title=&#8221;HAKKIMIZDA&#8221;][\/vc_column][\/vc_row][vc_row][vc_column offset=&#8221;vc_col-lg-offset-1 vc_col-lg-4 vc_col-md-offset-1 vc_col-md-4&#8243;][vc_column_text][\/vc_column_text][\/vc_column][vc_column offset=&#8221;vc_col-lg-1 vc_col-md-1&#8243; css=&#8221;.vc_custom_1675044775867{border-right-width: 1px !important;padding-bottom: 250px !important;}&#8221;][\/vc_column][vc_column offset=&#8221;vc_col-lg-1 vc_col-md-1&#8243;][\/vc_column][vc_column offset=&#8221;vc_col-lg-4 vc_col-md-4&#8243;][vc_column_text] Y\u00fczy\u0131ll\u0131k tarihi binam\u0131zla hayalini kurdu\u011fumuz oteli hayata ge\u00e7irmemiz tam \u00fc\u00e7 y\u0131l\u0131m\u0131z\u0131 ald\u0131. Eskiden ev olarak kullan\u0131lan [&hellip;]<\/p>\n","protected":false},"author":2,"featured_media":0,"parent":0,"menu_order":0,"comment_status":"closed","ping_status":"closed","template":"templates\/page-builder.php","meta":[],"acf":[],"yoast_head":"<!-- This site is optimized with the Yoast SEO plugin v21.0 - https:\/\/yoast.com\/wordpress\/plugins\/seo\/ -->\n<title>Hakk\u0131m\u0131zda - SIM OTEL<\/title>\n<meta name=\"robots\" content=\"index, follow, max-snippet:-1, max-image-preview:large, max-video-preview:-1\" \/>\n<link rel=\"canonical\" href=\"http:\/\/www.simotelfoca.com\/index.php\/hakkimizda\/\" \/>\n<meta property=\"og:locale\" content=\"tr_TR\" \/>\n<meta property=\"og:type\" content=\"article\" \/>\n<meta property=\"og:title\" content=\"Hakk\u0131m\u0131zda - SIM OTEL\" \/>\n<meta property=\"og:description\" content=\"[vc_section full_width=&#8221;stretch_row&#8221; css=&#8221;.vc_custom_1491364110374{padding-bottom: 150px !important;background-image: url(http:\/\/demo.awethemes.com\/fleurdesel\/wp-content\/uploads\/2017\/03\/about__bg.png?id=488) !important;background-position: 0 0 !important;background-repeat: no-repeat !important;}&#8221;][vc_row css=&#8221;.vc_custom_1499766293424{margin-top: 120px !important;padding-bottom: 70px !important;}&#8221;][vc_column offset=&#8221;vc_col-lg-offset-2 vc_col-lg-8 vc_col-md-offset-2 vc_col-md-8&#8243;][fleurdesel_heading title_size=&#8221;Default&#8221; align=&#8221;center&#8221; title=&#8221;HAKKIMIZDA&#8221;][\/vc_column][\/vc_row][vc_row][vc_column offset=&#8221;vc_col-lg-offset-1 vc_col-lg-4 vc_col-md-offset-1 vc_col-md-4&#8243;][vc_column_text][\/vc_column_text][\/vc_column][vc_column offset=&#8221;vc_col-lg-1 vc_col-md-1&#8243; css=&#8221;.vc_custom_1675044775867{border-right-width: 1px !important;padding-bottom: 250px !important;}&#8221;][\/vc_column][vc_column offset=&#8221;vc_col-lg-1 vc_col-md-1&#8243;][\/vc_column][vc_column offset=&#8221;vc_col-lg-4 vc_col-md-4&#8243;][vc_column_text] Y\u00fczy\u0131ll\u0131k tarihi binam\u0131zla hayalini kurdu\u011fumuz oteli hayata ge\u00e7irmemiz tam \u00fc\u00e7 y\u0131l\u0131m\u0131z\u0131 ald\u0131. Eskiden ev olarak kullan\u0131lan [&hellip;]\" \/>\n<meta property=\"og:url\" content=\"http:\/\/www.simotelfoca.com\/index.php\/hakkimizda\/\" \/>\n<meta property=\"og:site_name\" content=\"SIM OTEL\" \/>\n<meta property=\"article:modified_time\" content=\"2026-04-25T12:08:24+00:00\" \/>\n<meta name=\"twitter:card\" content=\"summary_large_image\" \/>\n<meta name=\"twitter:label1\" content=\"Tahmini okuma s\u00fcresi\" \/>\n\t<meta name=\"twitter:data1\" content=\"1 dakika\" \/>\n<script type=\"application\/ld+json\" class=\"yoast-schema-graph\">{\"@context\":\"https:\/\/schema.org\",\"@graph\":[{\"@type\":\"WebPage\",\"@id\":\"http:\/\/www.simotelfoca.com\/index.php\/hakkimizda\/\",\"url\":\"http:\/\/www.simotelfoca.com\/index.php\/hakkimizda\/\",\"name\":\"Hakk\u0131m\u0131zda - SIM OTEL\",\"isPartOf\":{\"@id\":\"http:\/\/www.simotelfoca.com\/#website\"},\"datePublished\":\"2017-03-23T07:36:29+00:00\",\"dateModified\":\"2026-04-25T12:08:24+00:00\",\"breadcrumb\":{\"@id\":\"http:\/\/www.simotelfoca.com\/index.php\/hakkimizda\/#breadcrumb\"},\"inLanguage\":\"tr\",\"potentialAction\":[{\"@type\":\"ReadAction\",\"target\":[\"http:\/\/www.simotelfoca.com\/index.php\/hakkimizda\/\"]}]},{\"@type\":\"BreadcrumbList\",\"@id\":\"http:\/\/www.simotelfoca.com\/index.php\/hakkimizda\/#breadcrumb\",\"itemListElement\":[{\"@type\":\"ListItem\",\"position\":1,\"name\":\"Anasayfa\",\"item\":\"http:\/\/www.simotelfoca.com\/\"},{\"@type\":\"ListItem\",\"position\":2,\"name\":\"Hakk\u0131m\u0131zda\"}]},{\"@type\":\"WebSite\",\"@id\":\"http:\/\/www.simotelfoca.com\/#website\",\"url\":\"http:\/\/www.simotelfoca.com\/\",\"name\":\"SIM BUT\u0130K OTEL\",\"description\":\"SIM Otel Foca\",\"publisher\":{\"@id\":\"http:\/\/www.simotelfoca.com\/#organization\"},\"potentialAction\":[{\"@type\":\"SearchAction\",\"target\":{\"@type\":\"EntryPoint\",\"urlTemplate\":\"http:\/\/www.simotelfoca.com\/?s={search_term_string}\"},\"query-input\":\"required name=search_term_string\"}],\"inLanguage\":\"tr\"},{\"@type\":\"Organization\",\"@id\":\"http:\/\/www.simotelfoca.com\/#organization\",\"name\":\"SIM BUT\u0130K OTEL\",\"url\":\"http:\/\/www.simotelfoca.com\/\",\"logo\":{\"@type\":\"ImageObject\",\"inLanguage\":\"tr\",\"@id\":\"http:\/\/www.simotelfoca.com\/#\/schema\/logo\/image\/\",\"url\":\"http:\/\/www.simotelfoca.com\/wp-content\/uploads\/2023\/01\/cropped-sim_butikotel_logo-01.png\",\"contentUrl\":\"http:\/\/www.simotelfoca.com\/wp-content\/uploads\/2023\/01\/cropped-sim_butikotel_logo-01.png\",\"width\":512,\"height\":512,\"caption\":\"SIM BUT\u0130K OTEL\"},\"image\":{\"@id\":\"http:\/\/www.simotelfoca.com\/#\/schema\/logo\/image\/\"}}]}<\/script>\n<!-- \/ Yoast SEO plugin. -->","yoast_head_json":{"title":"Hakk\u0131m\u0131zda - SIM OTEL","robots":{"index":"index","follow":"follow","max-snippet":"max-snippet:-1","max-image-preview":"max-image-preview:large","max-video-preview":"max-video-preview:-1"},"canonical":"http:\/\/www.simotelfoca.com\/index.php\/hakkimizda\/","og_locale":"tr_TR","og_type":"article","og_title":"Hakk\u0131m\u0131zda - SIM OTEL","og_description":"[vc_section full_width=&#8221;stretch_row&#8221; css=&#8221;.vc_custom_1491364110374{padding-bottom: 150px !important;background-image: url(http:\/\/demo.awethemes.com\/fleurdesel\/wp-content\/uploads\/2017\/03\/about__bg.png?id=488) !important;background-position: 0 0 !important;background-repeat: no-repeat !important;}&#8221;][vc_row css=&#8221;.vc_custom_1499766293424{margin-top: 120px !important;padding-bottom: 70px !important;}&#8221;][vc_column offset=&#8221;vc_col-lg-offset-2 vc_col-lg-8 vc_col-md-offset-2 vc_col-md-8&#8243;][fleurdesel_heading title_size=&#8221;Default&#8221; align=&#8221;center&#8221; title=&#8221;HAKKIMIZDA&#8221;][\/vc_column][\/vc_row][vc_row][vc_column offset=&#8221;vc_col-lg-offset-1 vc_col-lg-4 vc_col-md-offset-1 vc_col-md-4&#8243;][vc_column_text][\/vc_column_text][\/vc_column][vc_column offset=&#8221;vc_col-lg-1 vc_col-md-1&#8243; css=&#8221;.vc_custom_1675044775867{border-right-width: 1px !important;padding-bottom: 250px !important;}&#8221;][\/vc_column][vc_column offset=&#8221;vc_col-lg-1 vc_col-md-1&#8243;][\/vc_column][vc_column offset=&#8221;vc_col-lg-4 vc_col-md-4&#8243;][vc_column_text] Y\u00fczy\u0131ll\u0131k tarihi binam\u0131zla hayalini kurdu\u011fumuz oteli hayata ge\u00e7irmemiz tam \u00fc\u00e7 y\u0131l\u0131m\u0131z\u0131 ald\u0131. Eskiden ev olarak kullan\u0131lan [&hellip;]","og_url":"http:\/\/www.simotelfoca.com\/index.php\/hakkimizda\/","og_site_name":"SIM OTEL","article_modified_time":"2026-04-25T12:08:24+00:00","twitter_card":"summary_large_image","twitter_misc":{"Tahmini okuma s\u00fcresi":"1 dakika"},"schema":{"@context":"https:\/\/schema.org","@graph":[{"@type":"WebPage","@id":"http:\/\/www.simotelfoca.com\/index.php\/hakkimizda\/","url":"http:\/\/www.simotelfoca.com\/index.php\/hakkimizda\/","name":"Hakk\u0131m\u0131zda - SIM OTEL","isPartOf":{"@id":"http:\/\/www.simotelfoca.com\/#website"},"datePublished":"2017-03-23T07:36:29+00:00","dateModified":"2026-04-25T12:08:24+00:00","breadcrumb":{"@id":"http:\/\/www.simotelfoca.com\/index.php\/hakkimizda\/#breadcrumb"},"inLanguage":"tr","potentialAction":[{"@type":"ReadAction","target":["http:\/\/www.simotelfoca.com\/index.php\/hakkimizda\/"]}]},{"@type":"BreadcrumbList","@id":"http:\/\/www.simotelfoca.com\/index.php\/hakkimizda\/#breadcrumb","itemListElement":[{"@type":"ListItem","position":1,"name":"Anasayfa","item":"http:\/\/www.simotelfoca.com\/"},{"@type":"ListItem","position":2,"name":"Hakk\u0131m\u0131zda"}]},{"@type":"WebSite","@id":"http:\/\/www.simotelfoca.com\/#website","url":"http:\/\/www.simotelfoca.com\/","name":"SIM BUT\u0130K OTEL","description":"SIM Otel Foca","publisher":{"@id":"http:\/\/www.simotelfoca.com\/#organization"},"potentialAction":[{"@type":"SearchAction","target":{"@type":"EntryPoint","urlTemplate":"http:\/\/www.simotelfoca.com\/?s={search_term_string}"},"query-input":"required name=search_term_string"}],"inLanguage":"tr"},{"@type":"Organization","@id":"http:\/\/www.simotelfoca.com\/#organization","name":"SIM BUT\u0130K OTEL","url":"http:\/\/www.simotelfoca.com\/","logo":{"@type":"ImageObject","inLanguage":"tr","@id":"http:\/\/www.simotelfoca.com\/#\/schema\/logo\/image\/","url":"http:\/\/www.simotelfoca.com\/wp-content\/uploads\/2023\/01\/cropped-sim_butikotel_logo-01.png","contentUrl":"http:\/\/www.simotelfoca.com\/wp-content\/uploads\/2023\/01\/cropped-sim_butikotel_logo-01.png","width":512,"height":512,"caption":"SIM BUT\u0130K OTEL"},"image":{"@id":"http:\/\/www.simotelfoca.com\/#\/schema\/logo\/image\/"}}]}},"_links":{"self":[{"href":"http:\/\/www.simotelfoca.com\/index.php\/wp-json\/wp\/v2\/pages\/103"}],"collection":[{"href":"http:\/\/www.simotelfoca.com\/index.php\/wp-json\/wp\/v2\/pages"}],"about":[{"href":"http:\/\/www.simotelfoca.com\/index.php\/wp-json\/wp\/v2\/types\/page"}],"author":[{"embeddable":true,"href":"http:\/\/www.simotelfoca.com\/index.php\/wp-json\/wp\/v2\/users\/2"}],"replies":[{"embeddable":true,"href":"http:\/\/www.simotelfoca.com\/index.php\/wp-json\/wp\/v2\/comments?post=103"}],"version-history":[{"count":12,"href":"http:\/\/www.simotelfoca.com\/index.php\/wp-json\/wp\/v2\/pages\/103\/revisions"}],"predecessor-version":[{"id":1595,"href":"http:\/\/www.simotelfoca.com\/index.php\/wp-json\/wp\/v2\/pages\/103\/revisions\/1595"}],"wp:attachment":[{"href":"http:\/\/www.simotelfoca.com\/index.php\/wp-json\/wp\/v2\/media?parent=103"}],"curies":[{"name":"wp","href":"https:\/\/api.w.org\/{rel}","templated":true}]}}